{"id":174,"date":"2020-09-08T22:44:59","date_gmt":"2020-09-08T20:44:59","guid":{"rendered":"http:\/\/weimiddag.com\/?page_id=174"},"modified":"2026-01-16T22:07:48","modified_gmt":"2026-01-16T21:07:48","slug":"about","status":"publish","type":"page","link":"https:\/\/weimiddag.com\/index.php\/about\/","title":{"rendered":"About"},"content":{"rendered":"\t\t<div data-elementor-type=\"wp-page\" data-elementor-id=\"174\" class=\"elementor elementor-174\">\n\t\t\t\t\t\t<section class=\"elementor-section elementor-top-section elementor-element elementor-element-4bb5218 elementor-section-boxed elementor-section-height-default elementor-section-height-default\" data-id=\"4bb5218\" data-element_type=\"section\">\n\t\t\t\t\t\t<div class=\"elementor-container elementor-column-gap-default\">\n\t\t\t\t\t<div class=\"elementor-column elementor-col-100 elementor-top-column elementor-element elementor-element-9dd3c4d\" data-id=\"9dd3c4d\" data-element_type=\"column\">\n\t\t\t<div class=\"elementor-widget-wrap elementor-element-populated\">\n\t\t\t\t\t\t<div class=\"elementor-element elementor-element-caf4223 elementor-widget elementor-widget-heading\" data-id=\"caf4223\" data-element_type=\"widget\" data-widget_type=\"heading.default\">\n\t\t\t\t<div class=\"elementor-widget-container\">\n\t\t\t\t\t<h2 class=\"elementor-heading-title elementor-size-medium\">Wei Middag<\/h2>\t\t\t\t<\/div>\n\t\t\t\t<\/div>\n\t\t\t\t<div class=\"elementor-element elementor-element-cf64763 elementor-widget__width-initial elementor-widget elementor-widget-text-editor\" data-id=\"cf64763\" data-element_type=\"widget\" data-widget_type=\"text-editor.default\">\n\t\t\t\t<div class=\"elementor-widget-container\">\n\t\t\t\t\t\t\t\t\t<p><span style=\"font-weight: normal;\"><img fetchpriority=\"high\" decoding=\"async\" src=\"https:\/\/weimiddag.com\/wp-content\/uploads\/2023\/04\/Wei-Middag-photo-pourJoiedelire-230x300.jpg\" alt=\"\" width=\"230\" height=\"300\"> \u00a9 Eunhye Cho<\/span><\/p>\n<p><span style=\"font-weight: normal;\">&nbsp;<\/span><\/p>\n<p><span style=\"font-size: 12.0pt; line-height: 107%;\">N\u00e9 en 1986 \u00e0 Ta\u00efwan,&nbsp;Wei Middag est venu en France \u00e9tudier la BD et l\u2019illustration en 2014. Dipl\u00f4m\u00e9 de l\u2019EESI d\u2019Angoul\u00eame, il s\u2019est install\u00e9 \u00e0 Strasbourg et travaille en tant qu\u2019auteur-illustrateur. En 2017 et en 2018, son travail a \u00e9t\u00e9 s\u00e9lectionn\u00e9 au Concours Jeunes Talents du Festival de la Bande dessin\u00e9e d\u2019Angoul\u00eame.&nbsp;\u00ab&nbsp;Duo Mambo&nbsp;\u00bb&nbsp;est son premier livre illustr\u00e9 paru aux \u00e9ditions La Joie de lire. Ce livre a \u00e9t\u00e9 adapt\u00e9 en un spectacle de danse par la Cie Accord-des-nous, intitul\u00e9 \u00ab&nbsp;On en a fait un duo&nbsp;\u00bb, qui compte plus de 15 repr\u00e9sentations en France. En 2024, il a illustr\u00e9 le premier album jeunesse de la romanci\u00e8re Ga\u00eblle Josse, \u00ab Le fil entre nos c\u0153urs \u00bb.<\/span><\/p>\n<p>I am a taiwanese author-illustrator based in Strasbourg, France. I came to France in 2014 to study comics arts. Summer 2019, I got my Master\u2019s degree in comics studies at EESI of Angoul\u00eame (Ecole europ\u00e9enne sup\u00e9rieure de l\u2019image d\u2019Angoul\u00eame, France). I\u2019m working on my first graphic novel project with an ex-Vietnamese boat-people to reveal his life story.<\/p>\n<p>\u53f0\u7063\u4eba\uff0c\u63d2\u756b\/\u7e6a\u672c\/\u6f2b\u756b\u5275\u4f5c\u8005\uff0c\u65c5\u5c45\u6cd5\u570b\u53f2\u7279\u62c9\u65af\u5821\u30022014\u5e74\u8d77\u8d74\u6cd5\u5b78\u7fd2\u6f2b\u756b\u3001\u63d2\u756b\u5275\u4f5c\uff0c2019\u5e74\u6cd5\u570b\u5b89\u53e4\u862d\u9ad8\u7b49\u5716\u50cf\u5b78\u6821(EESI)\u6f2b\u756b\u78a9\u58eb\u7562\u696d\u3002\u76ee\u524d\u6b63\u5728\u5275\u4f5c\u4e00\u90e8\u6839\u64da\u4e00\u4f4d\u66fe\u662f\u8d8a\u5357\u8239\u6c11(boat-people)\u7684\u6cd5\u7c4d\u53cb\u4eba\u89aa\u8eab\u7d93\u6b77\u7684\u9577\u7bc7\u7d00\u5be6\u6f2b\u756b\uff0c\u4ee5\u8a34\u8aaa\u4ed6\u7684\u6545\u4e8b\u3002\u7b2c\u4e00\u90e8\u7e6a\u672c\u4f5c\u54c1<a href=\"https:\/\/www.lajoiedelire.ch\/livre\/duo-mambo\/\"><em>Duo Mambo<\/em><\/a> \u00ab\u00a0\u96d9\u4eba\u66fc\u6ce2\u00a0\u00bb(\u66ab\u8b6f)\u65bc2023\u5e74\u7531\u8cc7\u6df1\u745e\u58eb\u51fa\u7248\u793e<a href=\"https:\/\/www.lajoiedelire.ch\/\">La Joie de lire<\/a>\u5728\u6cd5\u8a9e\u5340\u570b\u5bb6\u51fa\u7248\u30022024\u5e74\uff0c\u8207\u6cd5\u570b\u5c0f\u8aaa\u5bb6Ga\u00eblle Josse\u5408\u4f5c\u7684\u7e6a\u672cLe fil entre nos coeurs \u00ab\u00a0\u6211\u5011\u4e4b\u9593\u7684\u7dda\u00a0\u00bb\u7531\u540c\u4e00\u5bb6\u51fa\u7248\u793e\u51fa\u7248\uff0c\u4e26\u65bc2025\u5e74\u56db\u6708\u7531\u89aa\u5b50\u5929\u4e0b\u51fa\u7248\u793e\u7ffb\u8b6f\u5728\u53f0\u7063\u4e0a\u5e02\u3002<\/p>\n<p><b>Distinctions:<\/b><\/p>\n<p>Finaliste au prix \u201cFacile \u00e0 lire\u201d de la Bretagne pour Duo Mambo, 2024<\/p>\n<p>S\u00e9lectionn\u00e9 au \u00ab\u00a0White Ravens\u00a0\u00bb pour \u00ab\u00a0Duo Mambo\u00a0\u00bb par the International Youth Library, Munchen (Germany)<\/p>\n<p>2017 et 2018, s\u00e9lectionn\u00e9 au Concours&nbsp;Jeunes Talents&nbsp;du Festival International de la Bande dessin\u00e9e d&rsquo;Angoul\u00eame&nbsp;<span style=\"letter-spacing: 0px;\">(Top 20 best New Artists Award of Angoul\u00eame International Comics Festival in 2017 and 2018) (2017\u82072018\u5e74\u5169\u5ea6\u5165\u570d\u5b89\u53e4\u862d\u570b\u969b\u6f2b\u756b\u7bc0\u65b0\u79c0\u734e\u4e26\u53c3\u8207\u5c55\u51fa)<\/span><\/p>\n<p>3\u00e8me laur\u00e9at au concours d\u2019illustration du Festival de Rouen-Normandie du Livre Jeunesse, 2016<\/p>\n<p><b>Bibliographie :<\/b><\/p>\n<p>2026, <a href=\"https:\/\/www.didier-jeunesse.com\/livre\/les-six-chats-de-charlie-9782278120017\/\"><i><b>Les Six Chats de Charlie<\/b><\/i><\/a>, texte : Olivier Dutto, Didier Jeunesse. (\u00e0 para\u00eetre en mars)<\/p>\n<p>2024,&nbsp;<a href=\"https:\/\/www.lajoiedelire.ch\/livre\/le-fil-entre-nos-coeurs\/\" target=\"_blank\" rel=\"noopener\"><i><b>Le fil entre nos c\u0153urs<\/b><\/i><\/a>, livre illustr\u00e9, texte : Ga\u00eblle Josse, \u00e9ditions <a href=\"https:\/\/www.lajoiedelire.ch\/\">La Joie de Lire<\/a><\/p>\n<p>2023, <a href=\"https:\/\/www.lajoiedelire.ch\/livre\/duo-mambo\/\"><strong><em>Duo Mambo<\/em><\/strong><\/a>, livre illustr\u00e9\/BD, 80 pages, \u00e9ditions <a href=\"https:\/\/www.lajoiedelire.ch\/\">La Joie de Lire<\/a>. Avec Aur\u00e8le Arima.<\/p>\n<p>2020, <a href=\"https:\/\/www.books.com.tw\/products\/0010869283?loc=M_0004_015\" target=\"_blank\" rel=\"noopener\"><i>\u89aa\u5b50\u5171\u5b78\u7684\u51a5\u60f3\u6307\u5f15 : \u5b89\u5b9a\u5b69\u5b50\u60c5\u7dd2\u3001\u63d0\u5347\u5c08\u6ce8\u529b\u768414\u7a2e\u7df4\u7fd2<\/i>\uff1b<\/a>\u4f5c\u8005 : \u9673\u79c0\u5b89\u6559\u6388 Pr Tu-Anh TRAN (\u6cd5)\uff1b\u51fa\u7248\u793e : \u5929\u4e0b\u751f\u6d3b (\u8ca0\u8cac\u66f8\u5c01\u8a2d\u8a08\u8207\u5167\u9801\u63d2\u756b)<\/p>\n<p>2019, <a href=\"https:\/\/www.thierrysouccar.com\/sante\/livre\/meditasoins-5369\" target=\"_blank\" rel=\"noopener\"><i>M\u00e9ditasoins : Petites m\u00e9ditations pour grands maux de l&rsquo;enfant <\/i>;<\/a> auteur : Pr Tu-Anh TRAN ; illustrateur : Wei Middag ; Thierry Souccar Editions, France<\/p>\n<p><strong>Revues, magazines :<\/strong><\/p>\n<p>2022, Italian magazine <a href=\"https:\/\/www.internazionale.it\/\"><em><strong>Internazionale<\/strong><\/em><\/a>, n. 1479 &#8211; Graphic journalism (Cartoline dal Vietnam) : 2 pages<\/p>\n<p>2022, STRIPBURGER magazine, n.77 (this number features specially on Taiwanese comic authors), <i>Dadu Plateau, the Place I Grew Up<\/i>, 4 pages<\/p>\n<p>2020, Italian magazine <a href=\"https:\/\/www.internazionale.it\/\"><em><strong>Internazionale<\/strong><\/em><\/a>, n. 1365 &#8211; Graphic journalism (Cartoline da Strasburgo) : 2 pages, <a href=\"http:\/\/weimiddag.com\/index.php\/comics-journal\/\"><em>Pigeon<\/em><\/a><\/p>\t\t\t\t\t\t\t\t<\/div>\n\t\t\t\t<\/div>\n\t\t\t\t\t<\/div>\n\t\t<\/div>\n\t\t\t\t\t<\/div>\n\t\t<\/section>\n\t\t\t\t<\/div>\n\t\t","protected":false},"excerpt":{"rendered":"<p>Wei Middag \u00a9 Eunhye Cho &nbsp; N\u00e9 en 1986 \u00e0 Ta\u00efwan,&nbsp;Wei Middag est venu en France \u00e9tudier la BD et l\u2019illustration en 2014. Dipl\u00f4m\u00e9 de l\u2019EESI d\u2019Angoul\u00eame, il s\u2019est install\u00e9 \u00e0 Strasbourg et travaille en tant qu\u2019auteur-illustrateur. En 2017 et<span class=\"more-button\"><a href=\"https:\/\/weimiddag.com\/index.php\/about\/\" class=\"more-link\">Lire la suite<span class=\"screen-reader-text\">About<\/span><i class=\"fa fa-angle-right\" aria-hidden=\"true\"><\/i><\/a><\/span><\/p>\n","protected":false},"author":1,"featured_media":0,"parent":0,"menu_order":0,"comment_status":"closed","ping_status":"closed","template":"","meta":{"footnotes":""},"class_list":["post-174","page","type-page","status-publish","hentry"],"yoast_head":"<!-- This site is optimized with the Yoast SEO plugin v26.7 - https:\/\/yoast.com\/wordpress\/plugins\/seo\/ -->\n<title>About - Wei Middag<\/title>\n<meta name=\"robots\" content=\"index, follow, max-snippet:-1, max-image-preview:large, max-video-preview:-1\" \/>\n<link rel=\"canonical\" href=\"https:\/\/weimiddag.com\/index.php\/about\/\" \/>\n<meta property=\"og:locale\" content=\"fr_FR\" \/>\n<meta property=\"og:type\" content=\"article\" \/>\n<meta property=\"og:title\" content=\"About - Wei Middag\" \/>\n<meta property=\"og:description\" content=\"Wei Middag \u00a9 Eunhye Cho &nbsp; N\u00e9 en 1986 \u00e0 Ta\u00efwan,&nbsp;Wei Middag est venu en France \u00e9tudier la BD et l\u2019illustration en 2014. Dipl\u00f4m\u00e9 de l\u2019EESI d\u2019Angoul\u00eame, il s\u2019est install\u00e9 \u00e0 Strasbourg et travaille en tant qu\u2019auteur-illustrateur. En 2017 etLire la suiteAbout\" \/>\n<meta property=\"og:url\" content=\"https:\/\/weimiddag.com\/index.php\/about\/\" \/>\n<meta property=\"og:site_name\" content=\"Wei Middag\" \/>\n<meta property=\"article:modified_time\" content=\"2026-01-16T21:07:48+00:00\" \/>\n<meta property=\"og:image\" content=\"https:\/\/weimiddag.com\/wp-content\/uploads\/2023\/04\/Wei-Middag-photo-pourJoiedelire-230x300.jpg\" \/>\n<meta name=\"twitter:card\" content=\"summary_large_image\" \/>\n<meta name=\"twitter:label1\" content=\"Dur\u00e9e de lecture estim\u00e9e\" \/>\n\t<meta name=\"twitter:data1\" content=\"3 minutes\" \/>\n<script type=\"application\/ld+json\" class=\"yoast-schema-graph\">{\"@context\":\"https:\/\/schema.org\",\"@graph\":[{\"@type\":\"WebPage\",\"@id\":\"https:\/\/weimiddag.com\/index.php\/about\/\",\"url\":\"https:\/\/weimiddag.com\/index.php\/about\/\",\"name\":\"About - Wei Middag\",\"isPartOf\":{\"@id\":\"https:\/\/weimiddag.com\/#website\"},\"primaryImageOfPage\":{\"@id\":\"https:\/\/weimiddag.com\/index.php\/about\/#primaryimage\"},\"image\":{\"@id\":\"https:\/\/weimiddag.com\/index.php\/about\/#primaryimage\"},\"thumbnailUrl\":\"https:\/\/weimiddag.com\/wp-content\/uploads\/2023\/04\/Wei-Middag-photo-pourJoiedelire-230x300.jpg\",\"datePublished\":\"2020-09-08T20:44:59+00:00\",\"dateModified\":\"2026-01-16T21:07:48+00:00\",\"breadcrumb\":{\"@id\":\"https:\/\/weimiddag.com\/index.php\/about\/#breadcrumb\"},\"inLanguage\":\"fr-FR\",\"potentialAction\":[{\"@type\":\"ReadAction\",\"target\":[\"https:\/\/weimiddag.com\/index.php\/about\/\"]}]},{\"@type\":\"ImageObject\",\"inLanguage\":\"fr-FR\",\"@id\":\"https:\/\/weimiddag.com\/index.php\/about\/#primaryimage\",\"url\":\"https:\/\/weimiddag.com\/wp-content\/uploads\/2023\/04\/Wei-Middag-photo-pourJoiedelire.jpg\",\"contentUrl\":\"https:\/\/weimiddag.com\/wp-content\/uploads\/2023\/04\/Wei-Middag-photo-pourJoiedelire.jpg\",\"width\":843,\"height\":1100},{\"@type\":\"BreadcrumbList\",\"@id\":\"https:\/\/weimiddag.com\/index.php\/about\/#breadcrumb\",\"itemListElement\":[{\"@type\":\"ListItem\",\"position\":1,\"name\":\"Accueil\",\"item\":\"https:\/\/weimiddag.com\/\"},{\"@type\":\"ListItem\",\"position\":2,\"name\":\"About\"}]},{\"@type\":\"WebSite\",\"@id\":\"https:\/\/weimiddag.com\/#website\",\"url\":\"https:\/\/weimiddag.com\/\",\"name\":\"Wei Middag\",\"description\":\"author-illustrator\",\"publisher\":{\"@id\":\"https:\/\/weimiddag.com\/#organization\"},\"potentialAction\":[{\"@type\":\"SearchAction\",\"target\":{\"@type\":\"EntryPoint\",\"urlTemplate\":\"https:\/\/weimiddag.com\/?s={search_term_string}\"},\"query-input\":{\"@type\":\"PropertyValueSpecification\",\"valueRequired\":true,\"valueName\":\"search_term_string\"}}],\"inLanguage\":\"fr-FR\"},{\"@type\":\"Organization\",\"@id\":\"https:\/\/weimiddag.com\/#organization\",\"name\":\"Wei Middag\",\"url\":\"https:\/\/weimiddag.com\/\",\"logo\":{\"@type\":\"ImageObject\",\"inLanguage\":\"fr-FR\",\"@id\":\"https:\/\/weimiddag.com\/#\/schema\/logo\/image\/\",\"url\":\"https:\/\/weimiddag.com\/wp-content\/uploads\/2020\/11\/cropped-incto6-scaled-5.jpg\",\"contentUrl\":\"https:\/\/weimiddag.com\/wp-content\/uploads\/2020\/11\/cropped-incto6-scaled-5.jpg\",\"width\":1789,\"height\":2195,\"caption\":\"Wei Middag\"},\"image\":{\"@id\":\"https:\/\/weimiddag.com\/#\/schema\/logo\/image\/\"},\"sameAs\":[\"https:\/\/www.instagram.com\/weimiddag\/\"]}]}<\/script>\n<!-- \/ Yoast SEO plugin. -->","yoast_head_json":{"title":"About - Wei Middag","robots":{"index":"index","follow":"follow","max-snippet":"max-snippet:-1","max-image-preview":"max-image-preview:large","max-video-preview":"max-video-preview:-1"},"canonical":"https:\/\/weimiddag.com\/index.php\/about\/","og_locale":"fr_FR","og_type":"article","og_title":"About - Wei Middag","og_description":"Wei Middag \u00a9 Eunhye Cho &nbsp; N\u00e9 en 1986 \u00e0 Ta\u00efwan,&nbsp;Wei Middag est venu en France \u00e9tudier la BD et l\u2019illustration en 2014. Dipl\u00f4m\u00e9 de l\u2019EESI d\u2019Angoul\u00eame, il s\u2019est install\u00e9 \u00e0 Strasbourg et travaille en tant qu\u2019auteur-illustrateur. En 2017 etLire la suiteAbout","og_url":"https:\/\/weimiddag.com\/index.php\/about\/","og_site_name":"Wei Middag","article_modified_time":"2026-01-16T21:07:48+00:00","og_image":[{"url":"https:\/\/weimiddag.com\/wp-content\/uploads\/2023\/04\/Wei-Middag-photo-pourJoiedelire-230x300.jpg","type":"","width":"","height":""}],"twitter_card":"summary_large_image","twitter_misc":{"Dur\u00e9e de lecture estim\u00e9e":"3 minutes"},"schema":{"@context":"https:\/\/schema.org","@graph":[{"@type":"WebPage","@id":"https:\/\/weimiddag.com\/index.php\/about\/","url":"https:\/\/weimiddag.com\/index.php\/about\/","name":"About - Wei Middag","isPartOf":{"@id":"https:\/\/weimiddag.com\/#website"},"primaryImageOfPage":{"@id":"https:\/\/weimiddag.com\/index.php\/about\/#primaryimage"},"image":{"@id":"https:\/\/weimiddag.com\/index.php\/about\/#primaryimage"},"thumbnailUrl":"https:\/\/weimiddag.com\/wp-content\/uploads\/2023\/04\/Wei-Middag-photo-pourJoiedelire-230x300.jpg","datePublished":"2020-09-08T20:44:59+00:00","dateModified":"2026-01-16T21:07:48+00:00","breadcrumb":{"@id":"https:\/\/weimiddag.com\/index.php\/about\/#breadcrumb"},"inLanguage":"fr-FR","potentialAction":[{"@type":"ReadAction","target":["https:\/\/weimiddag.com\/index.php\/about\/"]}]},{"@type":"ImageObject","inLanguage":"fr-FR","@id":"https:\/\/weimiddag.com\/index.php\/about\/#primaryimage","url":"https:\/\/weimiddag.com\/wp-content\/uploads\/2023\/04\/Wei-Middag-photo-pourJoiedelire.jpg","contentUrl":"https:\/\/weimiddag.com\/wp-content\/uploads\/2023\/04\/Wei-Middag-photo-pourJoiedelire.jpg","width":843,"height":1100},{"@type":"BreadcrumbList","@id":"https:\/\/weimiddag.com\/index.php\/about\/#breadcrumb","itemListElement":[{"@type":"ListItem","position":1,"name":"Accueil","item":"https:\/\/weimiddag.com\/"},{"@type":"ListItem","position":2,"name":"About"}]},{"@type":"WebSite","@id":"https:\/\/weimiddag.com\/#website","url":"https:\/\/weimiddag.com\/","name":"Wei Middag","description":"author-illustrator","publisher":{"@id":"https:\/\/weimiddag.com\/#organization"},"potentialAction":[{"@type":"SearchAction","target":{"@type":"EntryPoint","urlTemplate":"https:\/\/weimiddag.com\/?s={search_term_string}"},"query-input":{"@type":"PropertyValueSpecification","valueRequired":true,"valueName":"search_term_string"}}],"inLanguage":"fr-FR"},{"@type":"Organization","@id":"https:\/\/weimiddag.com\/#organization","name":"Wei Middag","url":"https:\/\/weimiddag.com\/","logo":{"@type":"ImageObject","inLanguage":"fr-FR","@id":"https:\/\/weimiddag.com\/#\/schema\/logo\/image\/","url":"https:\/\/weimiddag.com\/wp-content\/uploads\/2020\/11\/cropped-incto6-scaled-5.jpg","contentUrl":"https:\/\/weimiddag.com\/wp-content\/uploads\/2020\/11\/cropped-incto6-scaled-5.jpg","width":1789,"height":2195,"caption":"Wei Middag"},"image":{"@id":"https:\/\/weimiddag.com\/#\/schema\/logo\/image\/"},"sameAs":["https:\/\/www.instagram.com\/weimiddag\/"]}]}},"_links":{"self":[{"href":"https:\/\/weimiddag.com\/index.php\/wp-json\/wp\/v2\/pages\/174","targetHints":{"allow":["GET"]}}],"collection":[{"href":"https:\/\/weimiddag.com\/index.php\/wp-json\/wp\/v2\/pages"}],"about":[{"href":"https:\/\/weimiddag.com\/index.php\/wp-json\/wp\/v2\/types\/page"}],"author":[{"embeddable":true,"href":"https:\/\/weimiddag.com\/index.php\/wp-json\/wp\/v2\/users\/1"}],"replies":[{"embeddable":true,"href":"https:\/\/weimiddag.com\/index.php\/wp-json\/wp\/v2\/comments?post=174"}],"version-history":[{"count":217,"href":"https:\/\/weimiddag.com\/index.php\/wp-json\/wp\/v2\/pages\/174\/revisions"}],"predecessor-version":[{"id":1114,"href":"https:\/\/weimiddag.com\/index.php\/wp-json\/wp\/v2\/pages\/174\/revisions\/1114"}],"wp:attachment":[{"href":"https:\/\/weimiddag.com\/index.php\/wp-json\/wp\/v2\/media?parent=174"}],"curies":[{"name":"wp","href":"https:\/\/api.w.org\/{rel}","templated":true}]}}